{"id":742,"date":"2024-11-25T15:29:13","date_gmt":"2024-11-25T14:29:13","guid":{"rendered":"http:\/\/uniagp.home.amu.edu.pl\/?page_id=742"},"modified":"2025-10-24T13:41:05","modified_gmt":"2025-10-24T11:41:05","slug":"przedstawiciele-uczelni","status":"publish","type":"page","link":"http:\/\/uniagp.home.amu.edu.pl\/?page_id=742","title":{"rendered":"PRZEDSTAWICIELE UCZELNI"},"content":{"rendered":"\n<p><strong>Obecni przedstawiciele Uczelni, kt\u00f3re s\u0105 sygnatariuszem Porozumienia powo\u0142uj\u0105cego Uni\u0119 Uczelni na Rzecz Rozwoju Kierunk\u00f3w Studi\u00f3w w Zakresie Gospodarowania Przestrzeni\u0105.<\/strong><\/p>\n\n\n\n<ul><li><a href=\"https:\/\/pg.edu.pl\/\"><strong>Politechnika Gda\u0144ska<\/strong><\/a> (<a href=\"https:\/\/arch.pg.edu.pl\/\">Wydzia\u0142 Architektury<\/a>)<br>prof. dr hab. in\u017c. arch. Piotr Lorens (<a href=\"mailto:plorens@pg.gda.pl\"><em>plorens@pg.gda.pl<\/em><\/a>)<br>dr hab. in\u017c. arch. Justyna Martyniuk-P\u0119czek (<a href=\"mailto:juspecze@pg.gda.pl\"><em>juspecze@pg.gda.pl<\/em><\/a>)<\/li><\/ul>\n\n\n\n<ul><li><a href=\"https:\/\/www.p.lodz.pl\/pl\"><strong>Politechnika \u0141\u00f3dzka<\/strong><\/a> (<a href=\"http:\/\/bais.p.lodz.pl\/\">Wydzia\u0142 Budownictwa, Architektury i In\u017cynierii \u015arodowiska<\/a>)<br>dr hab. Ewa Klima, prof. P\u0141 (<a href=\"mailto:ewa.klima@p.lodz.pl\"><em>ewa.klima@p.lodz.pl<\/em><\/a>)<\/li><\/ul>\n\n\n\n<ul><li><a href=\"https:\/\/www.pw.edu.pl\/\"><strong>Politechnika Warszawska<\/strong><\/a> (<a href=\"https:\/\/www.gik.pw.edu.pl\/\">Wydzia\u0142 Geodezji i Kartografii<\/a>)<br>dr hab. in\u017c. Anna Majewska, prof. ucz. (<a href=\"mailto:a.maciejewska@gik.pw.edu.pl\"><em>anna.majewska@pw.edu.pl<\/em><\/a>)<\/li><\/ul>\n\n\n\n<ul><li><a href=\"https:\/\/pwr.edu.pl\/\"><strong>Politechnika Wroc\u0142awska<\/strong><\/a> (<a href=\"https:\/\/wa.pwr.edu.pl\/\">Wydzia\u0142 Architektury<\/a>)<br>dr in\u017c. Wawrzyniec Zipser (<a href=\"mailto:wawrzyniec.zipser@pwr.edu.pl\"><em>wawrzyniec.zipser@pwr.edu.pl<\/em><\/a>)<\/li><\/ul>\n\n\n\n<ul><li><a href=\"http:\/\/sggw.pl\/news\"><strong>Szko\u0142a G\u0142\u00f3wna Gospodarstwa Wiejskiego w Warszawie<\/strong><\/a> (<a href=\"http:\/\/wl.sggw.pl\/news\">Wydzia\u0142 Le\u015bny<\/a>)<br>dr in\u017c. Joanna Budnicka-Kosior (<em><a href=\"mailto:joanna_budnicka_kosior@sggw.edu.pl\">joanna_budnicka_kosior@sggw.edu.pl<\/a><\/em>)<br>dr in\u017c. Micha\u0142 Orzechowski (<em><a href=\"mailto:michal_orzechowski@sggw.edu.pl\">michal_orzechowski@sggw.edu.pl<\/a><\/em>)<\/li><\/ul>\n\n\n\n<ul><li><a href=\"https:\/\/ssl-www.sgh.waw.pl\/pl\/Strony\/default.aspx\"><strong>Szko\u0142a G\u0142\u00f3wna Handlowa w Warszawie<\/strong><\/a> (<a href=\"https:\/\/ssl-kolegia.sgh.waw.pl\/pl\/KES\/kontakt\/Strony\/default.aspx\">Kolegium Ekonomiczno-Spo\u0142eczne<\/a>)<br>dr Paulina Legutko-Kobus (<a href=\"mailto:legutkopl@wp.pl\"><em>legutkopl@wp.pl<\/em><\/a>)<\/li><\/ul>\n\n\n\n<ul><li><a href=\"https:\/\/www.ue.katowice.pl\/\"><strong>Uniwersytet Ekonomiczny w Katowicach<\/strong><\/a> (<a href=\"https:\/\/www.ue.katowice.pl\/uczelnia\/kolegia\/kolegium-ekonomii\/wydarzenia.html\">Kolegium Ekonomii<\/a>)<br>dr Artur Ochojski (<a href=\"mailto:artur.ochojski@ue.katowice.pl\"><em>artur.ochojski@ue.katowice.pl<\/em><\/a>)<\/li><\/ul>\n\n\n\n<ul><li><a href=\"https:\/\/gap.uek.krakow.pl\/\"><strong>Uniwersytet Ekonomiczny w Krakowie<\/strong><\/a> (<a href=\"https:\/\/gap.uek.krakow.pl\/\">Kolegium Gospodarki i Administracji Publicznej<\/a>)<br>dr Dorota Jopek (<a href=\"mailto:jopekd@uek.krakow.pl\"><em>jopekd@uek.krakow.pl<\/em><\/a>)<br>dr in\u017c. Artur Ho\u0142uj (<a href=\"mailto:holuja@uek.krakow.pl\"><em>holuja@uek.krakow.pl<\/em><\/a>) <br>dr hab. Piotr Lity\u0144ski, prof. UEK (<a href=\"mailto:litynskp@uek.krakow.pl\"><em>litynskp@uek.krakow.pl<\/em><\/a>)<\/li><\/ul>\n\n\n\n<ul><li><a href=\"https:\/\/amu.edu.pl\/\"><strong>Uniwersytet im. Adama Mickiewicza w Poznaniu<\/strong><\/a> (<a href=\"https:\/\/wgseigp.amu.edu.pl\/\">Wydzia\u0142 Geografii Spo\u0142eczno-Ekonomicznej i Gospodarki Przestrzennej<\/a>)<br>prof. dr hab. Pawe\u0142 Churski (<a href=\"mailto:chur@amu.edu.pl\"><em>chur@amu.edu.pl<\/em><\/a>)<br>dr Pawe\u0142 Motek (<a href=\"mailto:pamo@amu.edu.pl\"><em>pamo@amu.edu.pl<\/em><\/a>)<\/li><\/ul>\n\n\n\n<ul><li><strong><a href=\"https:\/\/www.uni.lodz.pl\/\">Uniwersytet \u0141\u00f3dzki<\/a> <\/strong><br>(<a href=\"https:\/\/geo.uni.lodz.pl\/\">Wydzia\u0142 Nauk Geograficznych<\/a>)<br>dr Katarzyna Le\u015bniewska-Napiera\u0142a (<a href=\"mailto:katarzyna.lesniewska@geo.uni.lodz.pl\" data-type=\"mailto\" data-id=\"mailto:katarzyna.lesniewska@geo.uni.lodz.pl\"><em>katarzyna.lesniewska@geo.uni.lodz.pl<\/em><\/a>)<br><br>(<a href=\"https:\/\/www.eksoc.uni.lodz.pl\/\">Wydzia\u0142 Ekonomiczno-Socjologiczny<\/a>)<br>prof. dr hab. Aleksandra Nowakowska (<em><a href=\"mailto:aleksandra.nowakowska@uni.lodz.pl\">aleksandra.nowakowska@uni.lodz.pl<\/a><\/em>)<br>dr Agnieszka Rze\u0144ca (<em><a href=\"mailto:agnieszka_rzenca@uni.lodz.pl\">agnieszka_rzenca@uni.lodz.pl<\/a><\/em>)<\/li><\/ul>\n\n\n\n<ul><li><a href=\"https:\/\/www.up.krakow.pl\/\"><strong>Uniwersytet Komisji Edukacji Narodowej w Krakowie<\/strong><\/a> <br>dr Wioletta Kilar (<em><a href=\"mailto:wkilar@up.krakow.pl\">wkilar@up.krakow.pl<\/a><\/em>)<\/li><\/ul>\n\n\n\n<ul><li><a href=\"https:\/\/skylark.up.poznan.pl\/\"><strong>Uniwersytet Przyrodniczy w Poznaniu<\/strong><\/a> (<a href=\"https:\/\/skylark.up.poznan.pl\/wydzialy\/wydzia%C5%82-in%C5%BCynierii-%C5%9Brodowiska-i-gospodarki-przestrzennej\">Wydzia\u0142 In\u017cynierii \u015arodowiska i In\u017cynierii Mechanicznej<\/a>)<br>dr hab. Krzysztof Otremba, prof. UPP (<em><a href=\"mailto:krzysztof.otremba@up.poznan.pl\">krzysztof.otremba@up.poznan.pl<\/a><\/em>)<br>dr hab. Karol Mrozik (<em><a href=\"mailto:kmrozik@up.poznan.pl\">kmrozik@up.poznan.pl<\/a><\/em>)<\/li><\/ul>\n\n\n\n<ul><li><a href=\"https:\/\/upwr.edu.pl\/\"><strong>Uniwersytet Przyrodniczy we Wroc\u0142awiu<\/strong><\/a><br>(<a href=\"http:\/\/www.aqua.up.wroc.pl\/\">Wydzia\u0142 In\u017cynierii Kszta\u0142towania \u015arodowiska i Geodezji<\/a>)<br>dr in\u017c. Teresa Dzikowska (<em><a href=\"mailto:beata.raszka@upwr.edu.pl\">teresa.dzikowska@upwr.edu.pl<\/a><\/em>)<br><br>(<a href=\"https:\/\/wgpiak.upwr.edu.pl\/\">Wydzia\u0142 Gospodarki Przestrzennej i Architektury Krajobrazu<\/a>)<br>dr hab. in\u017c. Maria He\u0142dak, prof. ucz. (<em><a href=\"mailto:marian.kachniarz@upwr.edu.pl\">maria.heldak@upwr.edu.pl<\/a><\/em>)<br>dr Karolina Kr\u00f3likowska (<em><a href=\"mailto:karolina.krolikowska@upwr.edu.pl\">karolina.krolikowska@upwr.edu.pl<\/a><\/em>)<\/li><\/ul>\n\n\n\n<ul><li><a href=\"https:\/\/urk.edu.pl\/\"><strong>Uniwersytet Rolniczy im. Hugona Ko\u0142\u0142\u0105taja w Krakowie<\/strong><\/a> (<a href=\"https:\/\/wisig.urk.edu.pl\/\">Wydzia\u0142 In\u017cynierii \u015arodowiska i Geodezji<\/a>)<br>dr hab. in\u017c. Tomasz Salata, prof. UR (<em><a href=\"mailto:tomasz.salata@ur.krakow.pl\">tomasz.salata@ur.krakow.pl<\/a><\/em>)<br>dr hab. in\u017c. Jacek M. Pijanowski, prof. UR (<em><a href=\"mailto:j.pijanowski@ur.krakow.pl\">j.pijanowski@ur.krakow.pl<\/a><\/em>)<\/li><\/ul>\n\n\n\n<ul><li><a href=\"http:\/\/www.uwm.edu.pl\/\"><strong>Uniwersytet Warmi\u0144sko-Mazurski w Olsztynie<\/strong><\/a> (<a href=\"http:\/\/wg.uwm.edu.pl\/\">Wydzia\u0142 Geoin\u017cynierii<\/a>)<br>prof. UWM dr hab. in\u017c. Adam Senetra (<em><a href=\"mailto:asenetra@uwm.edu.pl\">asenetra@uwm.edu.pl<\/a><\/em>)<\/li><\/ul>\n\n\n\n<ul><li><a href=\"https:\/\/www.uw.edu.pl\/\"><strong>Uniwersytet Warszawski <\/strong><\/a><br>(<a href=\"http:\/\/wgsr.uw.edu.pl\/\">Wydzia\u0142 Geografii i Studi\u00f3w Regionalnych<\/a>)<br>dr hab. Wojciech Dziemianowicz, prof. UW (<em><a href=\"mailto:w.dziemianowicz@uw.edu.pl\">w.dziemianowicz@uw.edu.pl<\/a><\/em>)<br><br>(<a href=\"http:\/\/www.euroreg.uw.edu.pl\/pl\/\">Centrum Europejskich Studi\u00f3w Regionalnych i Lokalnych EUROREG<\/a>)<br>dr hab. Katarzyna Szmigiel-Rawska, prof. UW (<em><a href=\"mailto:k.szmigiel@uw.edu.pl\">k.szmigiel@uw.edu.pl<\/a><\/em>)<\/li><\/ul>\n\n\n\n<ul><li><strong><a rel=\"noreferrer noopener\" href=\"https:\/\/www.zut.edu.pl\/uczelnia\/aktualnosci.html\" target=\"_blank\">Zachodniopomorski Uniwersytet Technologiczny w Szczecinie<\/a><\/strong> (<a href=\"https:\/\/ekonomia.zut.edu.pl\/index.php?id=1720\" data-type=\"URL\" data-id=\"https:\/\/ekonomia.zut.edu.pl\/index.php?id=1720\">Wydzia\u0142 Ekonomiczny<\/a>)<br>dr hab. Maciej Nowak, prof. ZUT (<em><a href=\"mailto:Arkadiusz.Telesinski@zut.edu.pl\">Maciej.Nowak@zut.edu.pl<\/a><\/em>)<\/li><\/ul>\n\n\n\n<ul><li><a href=\"https:\/\/pb.edu.pl\/\"><strong>Politechnika Bia\u0142ostocka<\/strong><\/a> (<a href=\"https:\/\/wb.pb.edu.pl\/\">Wydzia\u0142 Budownictwa i Nauk o \u015arodowisku<\/a>)<br>dr in\u017c. Karolina Ogrodnik (<em><a href=\"mailto:k.ogrodnik@pb.edu.pl\">k.ogrodnik@pb.edu.pl<\/a><\/em>)<\/li><\/ul>\n\n\n\n<ul><li><strong><a href=\"https:\/\/uni.opole.pl\/\">Uniwersytet Opolski<\/a> <\/strong>(<a href=\"https:\/\/wpt.uni.opole.pl\/\">Wydzia\u0142 Przyrodniczo-Techniczny<\/a>)<br>dr Krzysztof Badora (<em><a href=\"mailto:jslod@uni.opole.pl\">kbadora@uni.opole.pl<\/a><\/em>)<\/li><\/ul>\n\n\n\n<ul><li><a href=\"https:\/\/www.uj.edu.pl\/\"><strong>Uniwersytet Jagiello\u0144ski<\/strong><\/a> (<a href=\"https:\/\/geo.uj.edu.pl\/\">Instytut Geografii i Gospodarki Przestrzennej<\/a>) <br>dr Piotr Trzepacz (<a href=\"mailto:piotr.trzepacz@uj.edu.pl\"><em>piotr.trzepacz@uj.edu.pl<\/em><\/a>)<\/li><\/ul>\n\n\n\n<p><\/p>\n","protected":false},"excerpt":{"rendered":"<p>Obecni przedstawiciele Uczelni, kt\u00f3re s\u0105 sygnatariuszem Porozumienia powo\u0142uj\u0105cego Uni\u0119 Uczelni na Rzecz Rozwoju Kierunk\u00f3w Studi\u00f3w w Zakresie Gospodarowania Przestrzeni\u0105. Politechnika Gda\u0144ska (Wydzia\u0142 Architektury)prof. dr hab. in\u017c. arch. Piotr Lorens (plorens@pg.gda.pl)dr hab. in\u017c. arch. Justyna Martyniuk-P\u0119czek (juspecze@pg.gda.pl) Politechnika \u0141\u00f3dzka (Wydzia\u0142 Budownictwa, &hellip; <a href=\"http:\/\/uniagp.home.amu.edu.pl\/?page_id=742\">Czytaj dalej <span class=\"meta-nav\">&rarr;<\/span><\/a><\/p>\n","protected":false},"author":1,"featured_media":0,"parent":0,"menu_order":0,"comment_status":"closed","ping_status":"closed","template":"","meta":[],"_links":{"self":[{"href":"http:\/\/uniagp.home.amu.edu.pl\/index.php?rest_route=\/wp\/v2\/pages\/742"}],"collection":[{"href":"http:\/\/uniagp.home.amu.edu.pl\/index.php?rest_route=\/wp\/v2\/pages"}],"about":[{"href":"http:\/\/uniagp.home.amu.edu.pl\/index.php?rest_route=\/wp\/v2\/types\/page"}],"author":[{"embeddable":true,"href":"http:\/\/uniagp.home.amu.edu.pl\/index.php?rest_route=\/wp\/v2\/users\/1"}],"replies":[{"embeddable":true,"href":"http:\/\/uniagp.home.amu.edu.pl\/index.php?rest_route=%2Fwp%2Fv2%2Fcomments&post=742"}],"version-history":[{"count":6,"href":"http:\/\/uniagp.home.amu.edu.pl\/index.php?rest_route=\/wp\/v2\/pages\/742\/revisions"}],"predecessor-version":[{"id":796,"href":"http:\/\/uniagp.home.amu.edu.pl\/index.php?rest_route=\/wp\/v2\/pages\/742\/revisions\/796"}],"wp:attachment":[{"href":"http:\/\/uniagp.home.amu.edu.pl\/index.php?rest_route=%2Fwp%2Fv2%2Fmedia&parent=742"}],"curies":[{"name":"wp","href":"https:\/\/api.w.org\/{rel}","templated":true}]}}