{"id":316,"date":"2021-03-29T19:13:15","date_gmt":"2021-03-29T17:13:15","guid":{"rendered":"http:\/\/uniagp.home.amu.edu.pl\/?page_id=316"},"modified":"2021-03-29T19:38:59","modified_gmt":"2021-03-29T17:38:59","slug":"konferencja-dydaktyczna-2021","status":"publish","type":"page","link":"http:\/\/uniagp.home.amu.edu.pl\/?page_id=316","title":{"rendered":"KONFERENCJA DYDAKTYCZNA 2021"},"content":{"rendered":"\n<p>W dniu 25 marca 2021 r. odby\u0142a si\u0119 w formie zdalnej <strong>konferencja dydaktyczna<\/strong> Unii Uczelni na Rzecz Rozwoju Kierunk\u00f3w Studi\u00f3w w Zakresie Gospodarowania Przestrzeni\u0105 oraz Zespo\u0142u Problemowego ds. Kszta\u0142cenia i Rozwoju Kadr z Zakresu Gospodarki Przestrzennej KPZK PAN pod tytu\u0142em <strong><em>\u201eKszta\u0142cenie w zakresie gospodarowania przestrzeni\u0105 w r\u00f3\u017cnych typach szk\u00f3\u0142\u201d<\/em><\/strong>.<\/p>\n\n\n\n<p>Konferencj\u0119 patronatem obj\u0119li oraz uroczy\u015bcie otworzyli JM Rektor UAM prof. dr hab. Bogus\u0142awa Kaniewska oraz prof. dr hab. Tomasz Komornicki \u2013 Przewodnicz\u0105cy Komitetu Przestrzennego Zagospodarowania Kraju PAN. Wydarzenie mia\u0142o na celu wymian\u0119 do\u015bwiadcze\u0144 dotycz\u0105cych organizacji oraz realizacji procesu dydaktycznego w obr\u0119bie r\u00f3\u017cnych dziedzin i dyscyplin naukowych, kt\u00f3re \u0142\u0105czy d\u0105\u017cenie do przekazywania wiedzy, umiej\u0119tno\u015bci i kompetencji zwi\u0105zanych z gospodarowaniem przestrzeni\u0105. <\/p>\n\n\n\n<p>Konferencja sk\u0142ada\u0142a si\u0119 z dw\u00f3ch sesji tematycznych (\u201eDo\u015bwiadczenia kszta\u0142cenia w r\u00f3\u017cnych typach szk\u00f3\u0142\u201d oraz \u201eMetody i techniki kszta\u0142cenia\u201d), podczas kt\u00f3rych wys\u0142uchano 11 wyst\u0105pie\u0144, oraz panelu dyskusyjnego po\u015bwi\u0119conego wyzwaniom kszta\u0142cenia na kierunkach zwi\u0105zanych z gospodarowaniem przestrzeni\u0105 w warunkach pandemii Covid-19, w kt\u00f3rym udzia\u0142 wzi\u0119li: prof. U\u0141 dr hab. Aleksandra Nowakowska (Uniwersytet \u0141\u00f3dzki), prof. dr hab. Alina Maciejewska (Politechnika Warszawska), dr in\u017c. Karolina Ogrodnik (Politechnika Bia\u0142ostocka), prof. UP dr hab. Tomasz Rachwa\u0142 (Uniwersytet Pedagogiczny im. KEN w Krakowie), prof. UWM dr hab. in\u017c. Adam Senetra (Uniwersytet Warmi\u0144ski-Mazurski w Olsztynie) oraz dr Artur Ochojski (Uniwersytet Ekonomiczny w Katowicach). Wszystkie <a href=\"https:\/\/drive.google.com\/file\/d\/1iJq0a_5gSakioa-Uzsegsn2KOTRicUiN\/view?usp=sharing\">prezentacje<\/a> oraz <a href=\"https:\/\/drive.google.com\/file\/d\/1BX3uT0xPhp0JTXslRKf6At5kPqfuH84p\/view?usp=sharing\">program<\/a> wyst\u0105pie\u0144 konferencyjnych s\u0105 dost\u0119pne pod linkami.<\/p>\n\n\n\n<p>Prelegenci i uczestnicy panelu dyskusyjnego reprezentowali 14 r\u00f3\u017cnych o\u015brodk\u00f3w badawczych. \u0141\u0105cznie w konferencji udzia\u0142 wzi\u0119\u0142o ponad 70 os\u00f3b, w\u015br\u00f3d kt\u00f3rych znale\u017ali si\u0119 pracownicy naukowo-dydaktyczni z 20 uczelni wy\u017cszych, przedstawiciele Ministerstwa Rozwoju, Pracy i Technologii, Instytutu Rozwoju Miast i Region\u00f3w, internetowych portali bran\u017cowych (Urbanews) oraz studenci. <\/p>\n\n\n\n<p>Ca\u0142o\u015b\u0107 wydarzenia by\u0142a rejestrowana, a nagranie jest dost\u0119pne pod <a href=\"https:\/\/youtu.be\/PSIdVXOJI0A\">linkiem<\/a>.<\/p>\n\n\n\n<figure class=\"wp-block-image size-large\"><img loading=\"lazy\" width=\"1024\" height=\"576\" src=\"http:\/\/uniagp.home.amu.edu.pl\/wp-content\/uploads\/2021\/03\/TLO-_konferencja_01-1024x576.jpg\" alt=\"\" class=\"wp-image-311\" srcset=\"http:\/\/uniagp.home.amu.edu.pl\/wp-content\/uploads\/2021\/03\/TLO-_konferencja_01-1024x576.jpg 1024w, http:\/\/uniagp.home.amu.edu.pl\/wp-content\/uploads\/2021\/03\/TLO-_konferencja_01-300x169.jpg 300w, http:\/\/uniagp.home.amu.edu.pl\/wp-content\/uploads\/2021\/03\/TLO-_konferencja_01-768x432.jpg 768w, http:\/\/uniagp.home.amu.edu.pl\/wp-content\/uploads\/2021\/03\/TLO-_konferencja_01-1536x864.jpg 1536w, http:\/\/uniagp.home.amu.edu.pl\/wp-content\/uploads\/2021\/03\/TLO-_konferencja_01-2048x1152.jpg 2048w, http:\/\/uniagp.home.amu.edu.pl\/wp-content\/uploads\/2021\/03\/TLO-_konferencja_01-500x281.jpg 500w\" sizes=\"(max-width: 1024px) 100vw, 1024px\" \/><\/figure>\n","protected":false},"excerpt":{"rendered":"<p>W dniu 25 marca 2021 r. odby\u0142a si\u0119 w formie zdalnej konferencja dydaktyczna Unii Uczelni na Rzecz Rozwoju Kierunk\u00f3w Studi\u00f3w w Zakresie Gospodarowania Przestrzeni\u0105 oraz Zespo\u0142u Problemowego ds. Kszta\u0142cenia i Rozwoju Kadr z Zakresu Gospodarki Przestrzennej KPZK PAN pod tytu\u0142em &hellip; <a href=\"http:\/\/uniagp.home.amu.edu.pl\/?page_id=316\">Czytaj dalej <span class=\"meta-nav\">&rarr;<\/span><\/a><\/p>\n","protected":false},"author":1,"featured_media":0,"parent":0,"menu_order":0,"comment_status":"closed","ping_status":"closed","template":"","meta":[],"_links":{"self":[{"href":"http:\/\/uniagp.home.amu.edu.pl\/index.php?rest_route=\/wp\/v2\/pages\/316"}],"collection":[{"href":"http:\/\/uniagp.home.amu.edu.pl\/index.php?rest_route=\/wp\/v2\/pages"}],"about":[{"href":"http:\/\/uniagp.home.amu.edu.pl\/index.php?rest_route=\/wp\/v2\/types\/page"}],"author":[{"embeddable":true,"href":"http:\/\/uniagp.home.amu.edu.pl\/index.php?rest_route=\/wp\/v2\/users\/1"}],"replies":[{"embeddable":true,"href":"http:\/\/uniagp.home.amu.edu.pl\/index.php?rest_route=%2Fwp%2Fv2%2Fcomments&post=316"}],"version-history":[{"count":4,"href":"http:\/\/uniagp.home.amu.edu.pl\/index.php?rest_route=\/wp\/v2\/pages\/316\/revisions"}],"predecessor-version":[{"id":328,"href":"http:\/\/uniagp.home.amu.edu.pl\/index.php?rest_route=\/wp\/v2\/pages\/316\/revisions\/328"}],"wp:attachment":[{"href":"http:\/\/uniagp.home.amu.edu.pl\/index.php?rest_route=%2Fwp%2Fv2%2Fmedia&parent=316"}],"curies":[{"name":"wp","href":"https:\/\/api.w.org\/{rel}","templated":true}]}}