{"id":2,"date":"2020-04-28T15:43:16","date_gmt":"2020-04-28T13:43:16","guid":{"rendered":"http:\/\/uniagp.home.amu.edu.pl\/?page_id=2"},"modified":"2024-11-25T15:35:15","modified_gmt":"2024-11-25T14:35:15","slug":"przykladowa-strona","status":"publish","type":"page","link":"http:\/\/uniagp.home.amu.edu.pl\/?page_id=2","title":{"rendered":"CELE FUNKCJONOWANIA UNII"},"content":{"rendered":"\n<hr class=\"wp-block-separator\"\/>\n\n\n\n<p><strong>Film przybli\u017caj\u0105cy zakres dzia\u0142alno\u015bci Unii Uczelni:<\/strong><\/p>\n\n\n\n<figure class=\"wp-block-image size-large\"><a href=\"https:\/\/www.youtube.com\/watch?v=uTELjHGoAGY\"><img loading=\"lazy\" width=\"1024\" height=\"610\" src=\"http:\/\/uniagp.home.amu.edu.pl\/wp-content\/uploads\/2023\/10\/film-UU-grafika-1024x610.png\" alt=\"\" class=\"wp-image-658\" srcset=\"http:\/\/uniagp.home.amu.edu.pl\/wp-content\/uploads\/2023\/10\/film-UU-grafika-1024x610.png 1024w, http:\/\/uniagp.home.amu.edu.pl\/wp-content\/uploads\/2023\/10\/film-UU-grafika-300x179.png 300w, http:\/\/uniagp.home.amu.edu.pl\/wp-content\/uploads\/2023\/10\/film-UU-grafika-768x457.png 768w, http:\/\/uniagp.home.amu.edu.pl\/wp-content\/uploads\/2023\/10\/film-UU-grafika-500x298.png 500w, http:\/\/uniagp.home.amu.edu.pl\/wp-content\/uploads\/2023\/10\/film-UU-grafika.png 1043w\" sizes=\"(max-width: 1024px) 100vw, 1024px\" \/><\/a><\/figure>\n\n\n\n<hr class=\"wp-block-separator\"\/>\n\n\n\n<p><strong>Ulotka informacyjna: <a href=\"http:\/\/uniagp.home.amu.edu.pl\/wp-content\/uploads\/2023\/10\/ulotka_UU_2023.pdf\" target=\"_blank\" rel=\"noreferrer noopener\">DO POBRANIA<\/a><\/strong><\/p>\n\n\n\n<hr class=\"wp-block-separator\"\/>\n\n\n\n<p><strong>Do podstawowych cel\u00f3w Unii Uczelni nale\u017c\u0105<\/strong>:<\/p>\n\n\n\n<ol><li>Integrowanie \u015brodowiska naukowo-dydaktycznego oraz zawodowego wok\u00f3\u0142 \u017cywotnych spraw rozwoju wysokokwalifikowanych kadr dla praktyki w zakresie gospodarowania przestrzeni\u0105.<\/li><li>Doskonalenie procesu dydaktycznego z uwzgl\u0119dnieniem wsp\u00f3\u0142czesnych \u015bwiatowych trend\u00f3w kszta\u0142cenia uniwersyteckiego, a tak\u017ce aktualnych i spodziewanych w przysz\u0142o\u015bci potrzeb praktyki.<\/li><li>Podejmowanie dzia\u0142a\u0144 kszta\u0142tuj\u0105cych pozytywny wizerunek absolwenta kierunk\u00f3w studi\u00f3w w zakresie gospodarowania przestrzeni\u0105 w \u015brodowiskach potencjalnych pracodawc\u00f3w.<\/li><\/ol>\n\n\n\n<p><\/p>\n\n\n\n<p><strong>Cele Unii realizowane s\u0105 w szczeg\u00f3lno\u015bci poprzez<\/strong>:<br><\/p>\n\n\n\n<ul><li>wymian\u0119 pogl\u0105d\u00f3w, opinii, informacji oraz do\u015bwiadcze\u0144 i dobrych praktyk w zakresie rozwoju kadr dla praktyki w zakresie gospodarowania przestrzeni\u0105,<\/li><li>uzgadnianie kluczowych tre\u015bci nauczania powtarzalnych w programach kszta\u0142cenia w r\u00f3\u017cnych typach uczelni,<\/li><li>wymian\u0119 student\u00f3w i wyk\u0142adowc\u00f3w, w tym dla realizacji zaj\u0119\u0107 terenowych i praktyk zawodowych,<\/li><li>organizowanie konferencji dydaktycznych i naukowych, b\u0119d\u0105cych m.in. p\u0142aszczyzn\u0105 wymiany do\u015bwiadcze\u0144 nabywanych w procesie dydaktycznym, w tym z udzia\u0142em przedstawicieli praktyki,<\/li><li>organizowanie konferencji \u015brodowiskowych po\u015bwi\u0119conych potrzebom praktyki<br>w zakresie wysokokwalifikowanych kadr z zakresu gospodarowania przestrzeni\u0105,<\/li><li>organizowanie mi\u0119dzyuczelnianych, interdyscyplinarnych zespo\u0142\u00f3w badawczych dla&nbsp;podejmowania wsp\u00f3lnych projekt\u00f3w z zakresu gospodarowania przestrzeni\u0105,<\/li><li>opracowywanie wsp\u00f3lnych materia\u0142\u00f3w promocyjnych, zawieraj\u0105cych charakterystyk\u0119 kwalifikacji absolwenta danego kierunku studi\u00f3w w zakresie gospodarowania przestrzeni\u0105 i jego mo\u017cliwo\u015bci podejmowania wyzwa\u0144 dyktowanych potrzebami planowania przestrzennego oraz programowania rozwoju regionalnego,<\/li><li>wsp\u00f3\u0142prac\u0119 z <a href=\"http:\/\/www.kpzk.pan.pl\/index.php?lang=pl\">Komitetem Przestrzennego Zagospodarowania Kraju PAN<\/a> i Towarzystwem Urbanist\u00f3w Polskich w zakresie podnoszenia kwalifikacji kadr dla gospodarki przestrzennej i zwi\u0119kszania ich konkurencyjno\u015bci na rynku pracy.<\/li><li>podejmowanie wsp\u00f3\u0142pracy z organizacjami mi\u0119dzynarodowymi zwi\u0105zanymi<br>z kszta\u0142ceniem specjalist\u00f3w z zakresu planowania przestrzennego i regionalnego, zw\u0142aszcza z <a href=\"http:\/\/www.aesop-planning.eu\/\">Association of&nbsp;European Schools of Planning<\/a> (AESOP) i <a href=\"https:\/\/ersa.org\/\">European Regional Science Association<\/a> (ERSA).<\/li><\/ul>\n\n\n\n<p><\/p>\n\n\n\n<p><\/p>\n\n\n\n<p><strong><em>Unia Uczelni na Rzecz Rozwoju Kierunk\u00f3w Studi\u00f3w w Zakresie Gospodarowania Przestrzeni\u0105<\/em><\/strong> funkcjonuje na podstawie Porozumienia podpisanego pomi\u0119dzy uczelniami. <\/p>\n\n\n\n<p>Uni\u0119 tworzy obecnie <strong>20 uczelni<\/strong>.<\/p>\n\n\n\n<figure class=\"wp-block-gallery columns-4\"><ul class=\"blocks-gallery-grid\"><li class=\"blocks-gallery-item\"><figure><img loading=\"lazy\" width=\"700\" height=\"700\" src=\"http:\/\/uniagp.home.amu.edu.pl\/wp-content\/uploads\/2020\/10\/ssggw2.jpg\" alt=\"\" data-id=\"132\" data-full-url=\"http:\/\/uniagp.home.amu.edu.pl\/wp-content\/uploads\/2020\/10\/ssggw2.jpg\" data-link=\"http:\/\/uniagp.home.amu.edu.pl\/?attachment_id=132\" class=\"wp-image-132\" srcset=\"http:\/\/uniagp.home.amu.edu.pl\/wp-content\/uploads\/2020\/10\/ssggw2.jpg 700w, http:\/\/uniagp.home.amu.edu.pl\/wp-content\/uploads\/2020\/10\/ssggw2-300x300.jpg 300w, http:\/\/uniagp.home.amu.edu.pl\/wp-content\/uploads\/2020\/10\/ssggw2-150x150.jpg 150w\" sizes=\"(max-width: 700px) 100vw, 700px\" \/><\/figure><\/li><li class=\"blocks-gallery-item\"><figure><img loading=\"lazy\" width=\"709\" height=\"709\" src=\"http:\/\/uniagp.home.amu.edu.pl\/wp-content\/uploads\/2020\/10\/sgh2.jpg\" alt=\"\" data-id=\"131\" data-full-url=\"http:\/\/uniagp.home.amu.edu.pl\/wp-content\/uploads\/2020\/10\/sgh2.jpg\" data-link=\"http:\/\/uniagp.home.amu.edu.pl\/?attachment_id=131\" class=\"wp-image-131\" srcset=\"http:\/\/uniagp.home.amu.edu.pl\/wp-content\/uploads\/2020\/10\/sgh2.jpg 709w, http:\/\/uniagp.home.amu.edu.pl\/wp-content\/uploads\/2020\/10\/sgh2-300x300.jpg 300w, http:\/\/uniagp.home.amu.edu.pl\/wp-content\/uploads\/2020\/10\/sgh2-150x150.jpg 150w\" sizes=\"(max-width: 709px) 100vw, 709px\" \/><\/figure><\/li><li class=\"blocks-gallery-item\"><figure><img loading=\"lazy\" width=\"1024\" height=\"1024\" src=\"http:\/\/uniagp.home.amu.edu.pl\/wp-content\/uploads\/2020\/10\/katow-ue-1024x1024.jpeg\" alt=\"\" data-id=\"123\" data-full-url=\"http:\/\/uniagp.home.amu.edu.pl\/wp-content\/uploads\/2020\/10\/katow-ue.jpeg\" data-link=\"http:\/\/uniagp.home.amu.edu.pl\/?attachment_id=123\" class=\"wp-image-123\" srcset=\"http:\/\/uniagp.home.amu.edu.pl\/wp-content\/uploads\/2020\/10\/katow-ue-1024x1024.jpeg 1024w, http:\/\/uniagp.home.amu.edu.pl\/wp-content\/uploads\/2020\/10\/katow-ue-300x300.jpeg 300w, http:\/\/uniagp.home.amu.edu.pl\/wp-content\/uploads\/2020\/10\/katow-ue-150x150.jpeg 150w, http:\/\/uniagp.home.amu.edu.pl\/wp-content\/uploads\/2020\/10\/katow-ue-768x768.jpeg 768w, http:\/\/uniagp.home.amu.edu.pl\/wp-content\/uploads\/2020\/10\/katow-ue.jpeg 1181w\" sizes=\"(max-width: 1024px) 100vw, 1024px\" \/><\/figure><\/li><li class=\"blocks-gallery-item\"><figure><img loading=\"lazy\" width=\"532\" height=\"532\" src=\"http:\/\/uniagp.home.amu.edu.pl\/wp-content\/uploads\/2020\/10\/Pol-Lodzka-2.jpg\" alt=\"\" data-id=\"127\" data-full-url=\"http:\/\/uniagp.home.amu.edu.pl\/wp-content\/uploads\/2020\/10\/Pol-Lodzka-2.jpg\" data-link=\"http:\/\/uniagp.home.amu.edu.pl\/?attachment_id=127\" class=\"wp-image-127\" srcset=\"http:\/\/uniagp.home.amu.edu.pl\/wp-content\/uploads\/2020\/10\/Pol-Lodzka-2.jpg 532w, http:\/\/uniagp.home.amu.edu.pl\/wp-content\/uploads\/2020\/10\/Pol-Lodzka-2-300x300.jpg 300w, http:\/\/uniagp.home.amu.edu.pl\/wp-content\/uploads\/2020\/10\/Pol-Lodzka-2-150x150.jpg 150w\" sizes=\"(max-width: 532px) 100vw, 532px\" \/><\/figure><\/li><li class=\"blocks-gallery-item\"><figure><img loading=\"lazy\" width=\"512\" height=\"485\" src=\"http:\/\/uniagp.home.amu.edu.pl\/wp-content\/uploads\/2020\/10\/Uniwesr-Przyr-Wroc-2.jpg\" alt=\"\" data-id=\"128\" data-full-url=\"http:\/\/uniagp.home.amu.edu.pl\/wp-content\/uploads\/2020\/10\/Uniwesr-Przyr-Wroc-2.jpg\" data-link=\"http:\/\/uniagp.home.amu.edu.pl\/?attachment_id=128\" class=\"wp-image-128\" srcset=\"http:\/\/uniagp.home.amu.edu.pl\/wp-content\/uploads\/2020\/10\/Uniwesr-Przyr-Wroc-2.jpg 512w, http:\/\/uniagp.home.amu.edu.pl\/wp-content\/uploads\/2020\/10\/Uniwesr-Przyr-Wroc-2-300x284.jpg 300w, http:\/\/uniagp.home.amu.edu.pl\/wp-content\/uploads\/2020\/10\/Uniwesr-Przyr-Wroc-2-317x300.jpg 317w\" sizes=\"(max-width: 512px) 100vw, 512px\" \/><\/figure><\/li><li class=\"blocks-gallery-item\"><figure><img loading=\"lazy\" width=\"900\" height=\"900\" src=\"http:\/\/uniagp.home.amu.edu.pl\/wp-content\/uploads\/2020\/10\/PBial.jpg\" alt=\"\" data-id=\"121\" data-full-url=\"http:\/\/uniagp.home.amu.edu.pl\/wp-content\/uploads\/2020\/10\/PBial.jpg\" data-link=\"http:\/\/uniagp.home.amu.edu.pl\/?attachment_id=121\" class=\"wp-image-121\" srcset=\"http:\/\/uniagp.home.amu.edu.pl\/wp-content\/uploads\/2020\/10\/PBial.jpg 900w, http:\/\/uniagp.home.amu.edu.pl\/wp-content\/uploads\/2020\/10\/PBial-300x300.jpg 300w, http:\/\/uniagp.home.amu.edu.pl\/wp-content\/uploads\/2020\/10\/PBial-150x150.jpg 150w, http:\/\/uniagp.home.amu.edu.pl\/wp-content\/uploads\/2020\/10\/PBial-768x768.jpg 768w\" sizes=\"(max-width: 900px) 100vw, 900px\" \/><\/figure><\/li><li class=\"blocks-gallery-item\"><figure><img loading=\"lazy\" width=\"225\" height=\"225\" src=\"http:\/\/uniagp.home.amu.edu.pl\/wp-content\/uploads\/2020\/10\/UR-krakow-2.png\" alt=\"\" data-id=\"126\" data-full-url=\"http:\/\/uniagp.home.amu.edu.pl\/wp-content\/uploads\/2020\/10\/UR-krakow-2.png\" data-link=\"http:\/\/uniagp.home.amu.edu.pl\/?attachment_id=126\" class=\"wp-image-126\" srcset=\"http:\/\/uniagp.home.amu.edu.pl\/wp-content\/uploads\/2020\/10\/UR-krakow-2.png 225w, http:\/\/uniagp.home.amu.edu.pl\/wp-content\/uploads\/2020\/10\/UR-krakow-2-150x150.png 150w\" sizes=\"(max-width: 225px) 100vw, 225px\" \/><\/figure><\/li><li class=\"blocks-gallery-item\"><figure><img loading=\"lazy\" width=\"696\" height=\"389\" src=\"http:\/\/uniagp.home.amu.edu.pl\/wp-content\/uploads\/2020\/10\/POl-Warszaw-2.png\" alt=\"\" data-id=\"129\" data-full-url=\"http:\/\/uniagp.home.amu.edu.pl\/wp-content\/uploads\/2020\/10\/POl-Warszaw-2.png\" data-link=\"http:\/\/uniagp.home.amu.edu.pl\/?attachment_id=129\" class=\"wp-image-129\" srcset=\"http:\/\/uniagp.home.amu.edu.pl\/wp-content\/uploads\/2020\/10\/POl-Warszaw-2.png 696w, http:\/\/uniagp.home.amu.edu.pl\/wp-content\/uploads\/2020\/10\/POl-Warszaw-2-300x168.png 300w, http:\/\/uniagp.home.amu.edu.pl\/wp-content\/uploads\/2020\/10\/POl-Warszaw-2-500x279.png 500w\" sizes=\"(max-width: 696px) 100vw, 696px\" \/><\/figure><\/li><li class=\"blocks-gallery-item\"><figure><img loading=\"lazy\" width=\"512\" height=\"512\" src=\"http:\/\/uniagp.home.amu.edu.pl\/wp-content\/uploads\/2020\/10\/Un-Ekono-karkow.jpg\" alt=\"\" data-id=\"124\" data-full-url=\"http:\/\/uniagp.home.amu.edu.pl\/wp-content\/uploads\/2020\/10\/Un-Ekono-karkow.jpg\" data-link=\"http:\/\/uniagp.home.amu.edu.pl\/?attachment_id=124\" class=\"wp-image-124\" srcset=\"http:\/\/uniagp.home.amu.edu.pl\/wp-content\/uploads\/2020\/10\/Un-Ekono-karkow.jpg 512w, http:\/\/uniagp.home.amu.edu.pl\/wp-content\/uploads\/2020\/10\/Un-Ekono-karkow-300x300.jpg 300w, http:\/\/uniagp.home.amu.edu.pl\/wp-content\/uploads\/2020\/10\/Un-Ekono-karkow-150x150.jpg 150w\" sizes=\"(max-width: 512px) 100vw, 512px\" \/><\/figure><\/li><li class=\"blocks-gallery-item\"><figure><img loading=\"lazy\" width=\"900\" height=\"900\" src=\"http:\/\/uniagp.home.amu.edu.pl\/wp-content\/uploads\/2020\/10\/UOpolski.jpg\" alt=\"\" data-id=\"117\" data-full-url=\"http:\/\/uniagp.home.amu.edu.pl\/wp-content\/uploads\/2020\/10\/UOpolski.jpg\" data-link=\"http:\/\/uniagp.home.amu.edu.pl\/?attachment_id=117\" class=\"wp-image-117\" srcset=\"http:\/\/uniagp.home.amu.edu.pl\/wp-content\/uploads\/2020\/10\/UOpolski.jpg 900w, http:\/\/uniagp.home.amu.edu.pl\/wp-content\/uploads\/2020\/10\/UOpolski-300x300.jpg 300w, http:\/\/uniagp.home.amu.edu.pl\/wp-content\/uploads\/2020\/10\/UOpolski-150x150.jpg 150w, http:\/\/uniagp.home.amu.edu.pl\/wp-content\/uploads\/2020\/10\/UOpolski-768x768.jpg 768w\" sizes=\"(max-width: 900px) 100vw, 900px\" \/><\/figure><\/li><li class=\"blocks-gallery-item\"><figure><img loading=\"lazy\" width=\"333\" height=\"500\" src=\"http:\/\/uniagp.home.amu.edu.pl\/wp-content\/uploads\/2020\/10\/pol-wroc-2.jpg\" alt=\"\" data-id=\"130\" data-full-url=\"http:\/\/uniagp.home.amu.edu.pl\/wp-content\/uploads\/2020\/10\/pol-wroc-2.jpg\" data-link=\"http:\/\/uniagp.home.amu.edu.pl\/?attachment_id=130\" class=\"wp-image-130\" srcset=\"http:\/\/uniagp.home.amu.edu.pl\/wp-content\/uploads\/2020\/10\/pol-wroc-2.jpg 333w, http:\/\/uniagp.home.amu.edu.pl\/wp-content\/uploads\/2020\/10\/pol-wroc-2-200x300.jpg 200w\" sizes=\"(max-width: 333px) 100vw, 333px\" \/><\/figure><\/li><li class=\"blocks-gallery-item\"><figure><img loading=\"lazy\" width=\"281\" height=\"300\" src=\"http:\/\/uniagp.home.amu.edu.pl\/wp-content\/uploads\/2020\/10\/UW-logo.png\" alt=\"\" data-id=\"120\" data-full-url=\"http:\/\/uniagp.home.amu.edu.pl\/wp-content\/uploads\/2020\/10\/UW-logo.png\" data-link=\"http:\/\/uniagp.home.amu.edu.pl\/?attachment_id=120\" class=\"wp-image-120\"\/><\/figure><\/li><li class=\"blocks-gallery-item\"><figure><img loading=\"lazy\" width=\"827\" height=\"600\" src=\"http:\/\/uniagp.home.amu.edu.pl\/wp-content\/uploads\/2020\/10\/zut-2.jpg\" alt=\"\" data-id=\"133\" data-full-url=\"http:\/\/uniagp.home.amu.edu.pl\/wp-content\/uploads\/2020\/10\/zut-2.jpg\" data-link=\"http:\/\/uniagp.home.amu.edu.pl\/?attachment_id=133\" class=\"wp-image-133\" srcset=\"http:\/\/uniagp.home.amu.edu.pl\/wp-content\/uploads\/2020\/10\/zut-2.jpg 827w, http:\/\/uniagp.home.amu.edu.pl\/wp-content\/uploads\/2020\/10\/zut-2-300x218.jpg 300w, http:\/\/uniagp.home.amu.edu.pl\/wp-content\/uploads\/2020\/10\/zut-2-768x557.jpg 768w, http:\/\/uniagp.home.amu.edu.pl\/wp-content\/uploads\/2020\/10\/zut-2-414x300.jpg 414w\" sizes=\"(max-width: 827px) 100vw, 827px\" \/><\/figure><\/li><li class=\"blocks-gallery-item\"><figure><img loading=\"lazy\" width=\"420\" height=\"300\" src=\"http:\/\/uniagp.home.amu.edu.pl\/wp-content\/uploads\/2020\/10\/uj.png\" alt=\"\" data-id=\"119\" data-full-url=\"http:\/\/uniagp.home.amu.edu.pl\/wp-content\/uploads\/2020\/10\/uj.png\" data-link=\"http:\/\/uniagp.home.amu.edu.pl\/?attachment_id=119\" class=\"wp-image-119\" srcset=\"http:\/\/uniagp.home.amu.edu.pl\/wp-content\/uploads\/2020\/10\/uj.png 420w, http:\/\/uniagp.home.amu.edu.pl\/wp-content\/uploads\/2020\/10\/uj-300x214.png 300w\" sizes=\"(max-width: 420px) 100vw, 420px\" \/><\/figure><\/li><li class=\"blocks-gallery-item\"><figure><img loading=\"lazy\" width=\"897\" height=\"816\" src=\"http:\/\/uniagp.home.amu.edu.pl\/wp-content\/uploads\/2020\/10\/UL.jpg\" alt=\"\" data-id=\"118\" data-full-url=\"http:\/\/uniagp.home.amu.edu.pl\/wp-content\/uploads\/2020\/10\/UL.jpg\" data-link=\"http:\/\/uniagp.home.amu.edu.pl\/?attachment_id=118\" class=\"wp-image-118\" srcset=\"http:\/\/uniagp.home.amu.edu.pl\/wp-content\/uploads\/2020\/10\/UL.jpg 897w, http:\/\/uniagp.home.amu.edu.pl\/wp-content\/uploads\/2020\/10\/UL-300x273.jpg 300w, http:\/\/uniagp.home.amu.edu.pl\/wp-content\/uploads\/2020\/10\/UL-768x699.jpg 768w, http:\/\/uniagp.home.amu.edu.pl\/wp-content\/uploads\/2020\/10\/UL-330x300.jpg 330w\" sizes=\"(max-width: 897px) 100vw, 897px\" \/><\/figure><\/li><li class=\"blocks-gallery-item\"><figure><img loading=\"lazy\" width=\"843\" height=\"684\" src=\"http:\/\/uniagp.home.amu.edu.pl\/wp-content\/uploads\/2020\/10\/z22629407VNowe-logo-UWM.jpg\" alt=\"\" data-id=\"116\" data-full-url=\"http:\/\/uniagp.home.amu.edu.pl\/wp-content\/uploads\/2020\/10\/z22629407VNowe-logo-UWM.jpg\" data-link=\"http:\/\/uniagp.home.amu.edu.pl\/?attachment_id=116\" class=\"wp-image-116\" srcset=\"http:\/\/uniagp.home.amu.edu.pl\/wp-content\/uploads\/2020\/10\/z22629407VNowe-logo-UWM.jpg 843w, http:\/\/uniagp.home.amu.edu.pl\/wp-content\/uploads\/2020\/10\/z22629407VNowe-logo-UWM-300x243.jpg 300w, http:\/\/uniagp.home.amu.edu.pl\/wp-content\/uploads\/2020\/10\/z22629407VNowe-logo-UWM-768x623.jpg 768w, http:\/\/uniagp.home.amu.edu.pl\/wp-content\/uploads\/2020\/10\/z22629407VNowe-logo-UWM-370x300.jpg 370w\" sizes=\"(max-width: 843px) 100vw, 843px\" \/><\/figure><\/li><li class=\"blocks-gallery-item\"><figure><img loading=\"lazy\" width=\"1024\" height=\"897\" src=\"http:\/\/uniagp.home.amu.edu.pl\/wp-content\/uploads\/2020\/10\/uam-1024x897.jpg\" alt=\"\" data-id=\"102\" data-full-url=\"http:\/\/uniagp.home.amu.edu.pl\/wp-content\/uploads\/2020\/10\/uam.jpg\" data-link=\"http:\/\/uniagp.home.amu.edu.pl\/?attachment_id=102\" class=\"wp-image-102\" srcset=\"http:\/\/uniagp.home.amu.edu.pl\/wp-content\/uploads\/2020\/10\/uam-1024x897.jpg 1024w, http:\/\/uniagp.home.amu.edu.pl\/wp-content\/uploads\/2020\/10\/uam-300x263.jpg 300w, http:\/\/uniagp.home.amu.edu.pl\/wp-content\/uploads\/2020\/10\/uam-768x673.jpg 768w, http:\/\/uniagp.home.amu.edu.pl\/wp-content\/uploads\/2020\/10\/uam-1536x1345.jpg 1536w, http:\/\/uniagp.home.amu.edu.pl\/wp-content\/uploads\/2020\/10\/uam-2048x1793.jpg 2048w, http:\/\/uniagp.home.amu.edu.pl\/wp-content\/uploads\/2020\/10\/uam-343x300.jpg 343w\" sizes=\"(max-width: 1024px) 100vw, 1024px\" \/><\/figure><\/li><li class=\"blocks-gallery-item\"><figure><img loading=\"lazy\" width=\"250\" height=\"150\" src=\"http:\/\/uniagp.home.amu.edu.pl\/wp-content\/uploads\/2020\/10\/un-pedagog.png\" alt=\"\" data-id=\"115\" data-full-url=\"http:\/\/uniagp.home.amu.edu.pl\/wp-content\/uploads\/2020\/10\/un-pedagog.png\" data-link=\"http:\/\/uniagp.home.amu.edu.pl\/?attachment_id=115\" class=\"wp-image-115\"\/><\/figure><\/li><li class=\"blocks-gallery-item\"><figure><img loading=\"lazy\" width=\"800\" height=\"434\" src=\"http:\/\/uniagp.home.amu.edu.pl\/wp-content\/uploads\/2020\/10\/UP-Poznan.jpg\" alt=\"\" data-id=\"114\" data-full-url=\"http:\/\/uniagp.home.amu.edu.pl\/wp-content\/uploads\/2020\/10\/UP-Poznan.jpg\" data-link=\"http:\/\/uniagp.home.amu.edu.pl\/?attachment_id=114\" class=\"wp-image-114\" srcset=\"http:\/\/uniagp.home.amu.edu.pl\/wp-content\/uploads\/2020\/10\/UP-Poznan.jpg 800w, http:\/\/uniagp.home.amu.edu.pl\/wp-content\/uploads\/2020\/10\/UP-Poznan-300x163.jpg 300w, http:\/\/uniagp.home.amu.edu.pl\/wp-content\/uploads\/2020\/10\/UP-Poznan-768x417.jpg 768w, http:\/\/uniagp.home.amu.edu.pl\/wp-content\/uploads\/2020\/10\/UP-Poznan-500x271.jpg 500w\" sizes=\"(max-width: 800px) 100vw, 800px\" \/><\/figure><\/li><li class=\"blocks-gallery-item\"><figure><img loading=\"lazy\" width=\"225\" height=\"225\" src=\"http:\/\/uniagp.home.amu.edu.pl\/wp-content\/uploads\/2020\/10\/PGd.png\" alt=\"\" data-id=\"111\" data-full-url=\"http:\/\/uniagp.home.amu.edu.pl\/wp-content\/uploads\/2020\/10\/PGd.png\" data-link=\"http:\/\/uniagp.home.amu.edu.pl\/?attachment_id=111\" class=\"wp-image-111\" srcset=\"http:\/\/uniagp.home.amu.edu.pl\/wp-content\/uploads\/2020\/10\/PGd.png 225w, http:\/\/uniagp.home.amu.edu.pl\/wp-content\/uploads\/2020\/10\/PGd-150x150.png 150w\" sizes=\"(max-width: 225px) 100vw, 225px\" \/><\/figure><\/li><\/ul><\/figure>\n\n\n\n<p>W dniu 20 lutego 2012 r. <strong>Uni\u0119 Uczelni utworzy\u0142y<\/strong>: <\/p>\n\n\n\n<ul><li><a href=\"https:\/\/pg.edu.pl\/\"><strong>Politechnika Gda\u0144ska<\/strong><\/a> <\/li><li><a href=\"https:\/\/www.p.lodz.pl\/pl\"><strong>Politechnika \u0141\u00f3dzka<\/strong><\/a><\/li><li><a href=\"https:\/\/www.pw.edu.pl\/\"><strong>Politechnika Warszawska<\/strong><\/a> <\/li><li><a href=\"https:\/\/pwr.edu.pl\/\"><strong>Politechnika Wroc\u0142awska<\/strong><\/a> <\/li><li><a href=\"http:\/\/sggw.pl\/news\"><strong>Szko\u0142a G\u0142\u00f3wna Gospodarstwa Wiejskiego w Warszawie<\/strong><\/a> <\/li><li><a href=\"https:\/\/ssl-www.sgh.waw.pl\/pl\/Strony\/default.aspx\"><strong>Szko\u0142a G\u0142\u00f3wna Handlowa w Warszawie<\/strong><\/a> <\/li><li><a href=\"https:\/\/www.ue.katowice.pl\/\"><strong>Uniwersytet Ekonomiczny w Katowicach<\/strong><\/a> <\/li><li><a href=\"https:\/\/gap.uek.krakow.pl\/\"><strong>Uniwersytet Ekonomiczny w Krakowie<\/strong><\/a> <\/li><li><a href=\"https:\/\/amu.edu.pl\/\"><strong>Uniwersytet im. Adama Mickiewicza w Poznaniu<\/strong><\/a> <\/li><li><strong><a href=\"https:\/\/www.uni.lodz.pl\/\">Uniwersytet \u0141\u00f3dzki<\/a> <\/strong><br><a href=\"https:\/\/www.up.krakow.pl\/\"><strong>Uniwersytet Pedagogiczny im. Komisji Edukacji Narodowej w Krakowie<\/strong><\/a> <\/li><li><a href=\"https:\/\/skylark.up.poznan.pl\/\"><strong>Uniwersytet Przyrodniczy w Poznaniu<\/strong><\/a> <\/li><li><a href=\"https:\/\/upwr.edu.pl\/\"><strong>Uniwersytet Przyrodniczy we Wroc\u0142awiu<\/strong><\/a> <\/li><li><a href=\"https:\/\/urk.edu.pl\/\"><strong>Uniwersytet Rolniczy im. Hugona Ko\u0142\u0142\u0105taja w Krakowie<\/strong><\/a> <\/li><li><a href=\"http:\/\/www.uwm.edu.pl\/\"><strong>Uniwersytet Warmi\u0144sko-Mazurski w Olsztynie<\/strong><\/a> <\/li><li><a href=\"https:\/\/www.uw.edu.pl\/\"><strong>Uniwersytet Warszawski <\/strong><\/a><\/li><li><strong><a rel=\"noreferrer noopener\" href=\"https:\/\/www.zut.edu.pl\/uczelnia\/aktualnosci.html\" target=\"_blank\">Zachodniopomorski Uniwersytet Technologiczny w Szczecinie<\/a><\/strong><\/li><li>Uniwersytet Ekonomiczny w Poznaniu<\/li><\/ul>\n\n\n\n<p>W 2016 r. do Unii przyst\u0105pi\u0142y dwie kolejne uczelnie: <\/p>\n\n\n\n<ul><li><a href=\"https:\/\/pb.edu.pl\/\"><strong>Politechnika Bia\u0142ostocka<\/strong><\/a> <\/li><li><strong><a href=\"https:\/\/uni.opole.pl\/\">Uniwersytet Opolski<\/a> <\/strong><\/li><\/ul>\n\n\n\n<p>W 2019 r. do Unii przyst\u0105pi\u0142: <\/p>\n\n\n\n<ul><li><a href=\"https:\/\/www.uj.edu.pl\/\"><strong>Uniwersytet Jagiello\u0144ski<\/strong><\/a> <\/li><\/ul>\n\n\n\n<p>Z ko\u0144cem 2018 r. z Porozumienia wyst\u0105pi\u0142 Uniwersytet Ekonomiczny w Poznaniu.<br><br><\/p>\n","protected":false},"excerpt":{"rendered":"<p>Film przybli\u017caj\u0105cy zakres dzia\u0142alno\u015bci Unii Uczelni: Ulotka informacyjna: DO POBRANIA Do podstawowych cel\u00f3w Unii Uczelni nale\u017c\u0105: Integrowanie \u015brodowiska naukowo-dydaktycznego oraz zawodowego wok\u00f3\u0142 \u017cywotnych spraw rozwoju wysokokwalifikowanych kadr dla praktyki w zakresie gospodarowania przestrzeni\u0105. Doskonalenie procesu dydaktycznego z uwzgl\u0119dnieniem wsp\u00f3\u0142czesnych \u015bwiatowych &hellip; <a href=\"http:\/\/uniagp.home.amu.edu.pl\/?page_id=2\">Czytaj dalej <span class=\"meta-nav\">&rarr;<\/span><\/a><\/p>\n","protected":false},"author":1,"featured_media":0,"parent":0,"menu_order":0,"comment_status":"closed","ping_status":"open","template":"","meta":[],"_links":{"self":[{"href":"http:\/\/uniagp.home.amu.edu.pl\/index.php?rest_route=\/wp\/v2\/pages\/2"}],"collection":[{"href":"http:\/\/uniagp.home.amu.edu.pl\/index.php?rest_route=\/wp\/v2\/pages"}],"about":[{"href":"http:\/\/uniagp.home.amu.edu.pl\/index.php?rest_route=\/wp\/v2\/types\/page"}],"author":[{"embeddable":true,"href":"http:\/\/uniagp.home.amu.edu.pl\/index.php?rest_route=\/wp\/v2\/users\/1"}],"replies":[{"embeddable":true,"href":"http:\/\/uniagp.home.amu.edu.pl\/index.php?rest_route=%2Fwp%2Fv2%2Fcomments&post=2"}],"version-history":[{"count":26,"href":"http:\/\/uniagp.home.amu.edu.pl\/index.php?rest_route=\/wp\/v2\/pages\/2\/revisions"}],"predecessor-version":[{"id":747,"href":"http:\/\/uniagp.home.amu.edu.pl\/index.php?rest_route=\/wp\/v2\/pages\/2\/revisions\/747"}],"wp:attachment":[{"href":"http:\/\/uniagp.home.amu.edu.pl\/index.php?rest_route=%2Fwp%2Fv2%2Fmedia&parent=2"}],"curies":[{"name":"wp","href":"https:\/\/api.w.org\/{rel}","templated":true}]}}